{"id":11,"date":"2021-02-27T00:41:11","date_gmt":"2021-02-26T23:41:11","guid":{"rendered":"http:\/\/mugtaba-hamid.de\/?page_id=11"},"modified":"2021-04-19T19:10:31","modified_gmt":"2021-04-19T17:10:31","slug":"bilder-mein-leben","status":"publish","type":"page","link":"https:\/\/mugtaba-hamid.de\/en\/","title":{"rendered":"Bilder &#8211; mein Leben"},"content":{"rendered":"<p><img decoding=\"async\" src=\"http:\/\/mugtaba-hamid.de\/wp-content\/uploads\/2021\/02\/cropped-Mugtaba-square.png\" title=\"cropped-Mugtaba-square.png\" alt=\"cropped-Mugtaba-square.png\"><br \/>\n<div style=\"width: 640px;\" class=\"wp-video\"><video class=\"wp-video-shortcode\" id=\"video-11-1\" width=\"640\" height=\"360\" preload=\"metadata\" controls=\"controls\"><source type=\"video\/mp4\" src=\"http:\/\/mugtaba-hamid.de\/wp-content\/uploads\/2021\/02\/VID-20190409-WA0639_7.mp4?_=1\" \/><a href=\"http:\/\/mugtaba-hamid.de\/wp-content\/uploads\/2021\/02\/VID-20190409-WA0639_7.mp4\">http:\/\/mugtaba-hamid.de\/wp-content\/uploads\/2021\/02\/VID-20190409-WA0639_7.mp4<\/a><\/video><\/div><\/p>\n<p>Inside each person is a loving image and source of beauty. I love to be active memory, live beauty, tolerance and offer joy walks among us. It is an invitation to love beauty. Those painting models for opening the doors of human cultures and the equality of people. You have always been loving and loving. As Vincent Van Gogh said &#8221; I dream of painting and then I paint my dream&#8221; please enjoy my written and spoken dreams.<\/p>\n","protected":false},"excerpt":{"rendered":"<p>http:\/\/mugtaba-hamid.de\/wp-content\/uploads\/2021\/02\/VID-20190409-WA0639_7.mp4 Inside each person is a loving image and source of beauty. I love to be active memory, live beauty, tolerance and offer joy walks among us. It is an invitation to love beauty. Those painting models for opening the doors of human cultures and the equality of people. You have always been loving and&hellip; <a class=\"more-link\" href=\"https:\/\/mugtaba-hamid.de\/en\/\">Continue reading <span class=\"screen-reader-text\">Bilder &#8211; mein Leben<\/span><\/a><\/p>\n","protected":false},"author":1,"featured_media":0,"parent":0,"menu_order":0,"comment_status":"closed","ping_status":"closed","template":"","meta":{"footnotes":""},"class_list":["post-11","page","type-page","status-publish","hentry","entry"],"translation":{"provider":"WPGlobus","version":"3.0.0","language":"en","enabled_languages":["de","en","ar"],"languages":{"de":{"title":true,"content":true,"excerpt":false},"en":{"title":true,"content":true,"excerpt":false},"ar":{"title":false,"content":true,"excerpt":false}}},"yoast_head":"<!-- This site is optimized with the Yoast SEO plugin v25.3 - https:\/\/yoast.com\/wordpress\/plugins\/seo\/ -->\n<title>Bilder - mein Leben - Mugtaba Hamid<\/title>\n<meta name=\"description\" content=\"In jedem Menschen steckt ein liebevolles Bild und eine Quelle der Sch\u00f6nheit. Ich liebe es, eine aktive Erinnerung zu sein, Sch\u00f6nheit zu leben, Toleranz zu zeigen und Freudenspazierg\u00e4nge unter uns anzubieten. Wie Vincent Van Gogh sagte \u201eIch tr\u00e4ume vom Malen und dann male ich meinen Traum\u201c.\" \/>\n<meta name=\"robots\" content=\"index, follow, max-snippet:-1, max-image-preview:large, max-video-preview:-1\" \/>\n<link rel=\"canonical\" href=\"https:\/\/mugtaba-hamid.de\/\" \/>\n<meta property=\"og:locale\" content=\"en_US\" \/>\n<meta property=\"og:type\" content=\"article\" \/>\n<meta property=\"og:title\" content=\"Bilder - mein Leben - Mugtaba Hamid\" \/>\n<meta property=\"og:description\" content=\"In jedem Menschen steckt ein liebevolles Bild und eine Quelle der Sch\u00f6nheit. Ich liebe es, eine aktive Erinnerung zu sein, Sch\u00f6nheit zu leben, Toleranz zu zeigen und Freudenspazierg\u00e4nge unter uns anzubieten. Wie Vincent Van Gogh sagte \u201eIch tr\u00e4ume vom Malen und dann male ich meinen Traum\u201c.\" \/>\n<meta property=\"og:url\" content=\"https:\/\/mugtaba-hamid.de\/\" \/>\n<meta property=\"og:site_name\" content=\"Mugtaba Hamid\" \/>\n<meta property=\"article:modified_time\" content=\"2021-04-19T17:10:31+00:00\" \/>\n<meta property=\"og:image\" content=\"http:\/\/mugtaba-hamid.de\/wp-content\/uploads\/elementor\/thumbs\/cropped-Mugtaba-square-p3gg5d9usj4ksq0x9b0sll11qoa3vmu8nk56owvu1c.png\" \/>\n<meta name=\"twitter:card\" content=\"summary_large_image\" \/>\n<meta name=\"twitter:label1\" content=\"Est. reading time\" \/>\n\t<meta name=\"twitter:data1\" content=\"1 minute\" \/>\n<script type=\"application\/ld+json\" class=\"yoast-schema-graph\">{\"@context\":\"https:\/\/schema.org\",\"@graph\":[{\"@type\":\"WebPage\",\"@id\":\"https:\/\/mugtaba-hamid.de\/\",\"url\":\"https:\/\/mugtaba-hamid.de\/\",\"name\":\"Bilder - mein Leben - Mugtaba Hamid\",\"isPartOf\":{\"@id\":\"https:\/\/mugtaba-hamid.de\/#website\"},\"primaryImageOfPage\":{\"@id\":\"https:\/\/mugtaba-hamid.de\/#primaryimage\"},\"image\":{\"@id\":\"https:\/\/mugtaba-hamid.de\/#primaryimage\"},\"thumbnailUrl\":\"http:\/\/mugtaba-hamid.de\/wp-content\/uploads\/elementor\/thumbs\/cropped-Mugtaba-square-p3gg5d9usj4ksq0x9b0sll11qoa3vmu8nk56owvu1c.png\",\"datePublished\":\"2021-02-26T23:41:11+00:00\",\"dateModified\":\"2021-04-19T17:10:31+00:00\",\"description\":\"In jedem Menschen steckt ein liebevolles Bild und eine Quelle der Sch\u00f6nheit. Ich liebe es, eine aktive Erinnerung zu sein, Sch\u00f6nheit zu leben, Toleranz zu zeigen und Freudenspazierg\u00e4nge unter uns anzubieten. Wie Vincent Van Gogh sagte \u201eIch tr\u00e4ume vom Malen und dann male ich meinen Traum\u201c.\",\"breadcrumb\":{\"@id\":\"https:\/\/mugtaba-hamid.de\/#breadcrumb\"},\"inLanguage\":\"en-US\",\"potentialAction\":[{\"@type\":\"ReadAction\",\"target\":[\"https:\/\/mugtaba-hamid.de\/\"]}]},{\"@type\":\"ImageObject\",\"inLanguage\":\"en-US\",\"@id\":\"https:\/\/mugtaba-hamid.de\/#primaryimage\",\"url\":\"http:\/\/mugtaba-hamid.de\/wp-content\/uploads\/elementor\/thumbs\/cropped-Mugtaba-square-p3gg5d9usj4ksq0x9b0sll11qoa3vmu8nk56owvu1c.png\",\"contentUrl\":\"http:\/\/mugtaba-hamid.de\/wp-content\/uploads\/elementor\/thumbs\/cropped-Mugtaba-square-p3gg5d9usj4ksq0x9b0sll11qoa3vmu8nk56owvu1c.png\"},{\"@type\":\"BreadcrumbList\",\"@id\":\"https:\/\/mugtaba-hamid.de\/#breadcrumb\",\"itemListElement\":[{\"@type\":\"ListItem\",\"position\":1,\"name\":\"Startseite\",\"item\":\"https:\/\/mugtaba-hamid.de\/\"},{\"@type\":\"ListItem\",\"position\":2,\"name\":\"Bilder &#8211; mein Leben\"}]},{\"@type\":\"WebSite\",\"@id\":\"https:\/\/mugtaba-hamid.de\/#website\",\"url\":\"https:\/\/mugtaba-hamid.de\/\",\"name\":\"Mugtaba Hamid\",\"description\":\"Paintings - my life\",\"publisher\":{\"@id\":\"https:\/\/mugtaba-hamid.de\/#\/schema\/person\/73a796ccd19b22f0952b427501e5c28a\"},\"potentialAction\":[{\"@type\":\"SearchAction\",\"target\":{\"@type\":\"EntryPoint\",\"urlTemplate\":\"https:\/\/mugtaba-hamid.de\/?s={search_term_string}\"},\"query-input\":{\"@type\":\"PropertyValueSpecification\",\"valueRequired\":true,\"valueName\":\"search_term_string\"}}],\"inLanguage\":\"en-US\"},{\"@type\":[\"Person\",\"Organization\"],\"@id\":\"https:\/\/mugtaba-hamid.de\/#\/schema\/person\/73a796ccd19b22f0952b427501e5c28a\",\"name\":\"Mugtaba Hamid\",\"image\":{\"@type\":\"ImageObject\",\"inLanguage\":\"en-US\",\"@id\":\"https:\/\/mugtaba-hamid.de\/#\/schema\/person\/image\/\",\"url\":\"https:\/\/secure.gravatar.com\/avatar\/c39f668d85fc44367c154eb0ab2dcfd9d102cb884b593e44ebab080134ce7c60?s=96&d=mm&r=g\",\"contentUrl\":\"https:\/\/secure.gravatar.com\/avatar\/c39f668d85fc44367c154eb0ab2dcfd9d102cb884b593e44ebab080134ce7c60?s=96&d=mm&r=g\",\"caption\":\"Mugtaba Hamid\"},\"logo\":{\"@id\":\"https:\/\/mugtaba-hamid.de\/#\/schema\/person\/image\/\"}}]}<\/script>\n<!-- \/ Yoast SEO plugin. -->","yoast_head_json":{"title":"Bilder - mein Leben - Mugtaba Hamid","description":"In jedem Menschen steckt ein liebevolles Bild und eine Quelle der Sch\u00f6nheit. Ich liebe es, eine aktive Erinnerung zu sein, Sch\u00f6nheit zu leben, Toleranz zu zeigen und Freudenspazierg\u00e4nge unter uns anzubieten. Wie Vincent Van Gogh sagte \u201eIch tr\u00e4ume vom Malen und dann male ich meinen Traum\u201c.","robots":{"index":"index","follow":"follow","max-snippet":"max-snippet:-1","max-image-preview":"max-image-preview:large","max-video-preview":"max-video-preview:-1"},"canonical":"https:\/\/mugtaba-hamid.de\/","og_locale":"en_US","og_type":"article","og_title":"Bilder - mein Leben - Mugtaba Hamid","og_description":"In jedem Menschen steckt ein liebevolles Bild und eine Quelle der Sch\u00f6nheit. Ich liebe es, eine aktive Erinnerung zu sein, Sch\u00f6nheit zu leben, Toleranz zu zeigen und Freudenspazierg\u00e4nge unter uns anzubieten. Wie Vincent Van Gogh sagte \u201eIch tr\u00e4ume vom Malen und dann male ich meinen Traum\u201c.","og_url":"https:\/\/mugtaba-hamid.de\/","og_site_name":"Mugtaba Hamid","article_modified_time":"2021-04-19T17:10:31+00:00","og_image":[{"url":"http:\/\/mugtaba-hamid.de\/wp-content\/uploads\/elementor\/thumbs\/cropped-Mugtaba-square-p3gg5d9usj4ksq0x9b0sll11qoa3vmu8nk56owvu1c.png","type":"","width":"","height":""}],"twitter_card":"summary_large_image","twitter_misc":{"Est. reading time":"1 minute"},"schema":{"@context":"https:\/\/schema.org","@graph":[{"@type":"WebPage","@id":"https:\/\/mugtaba-hamid.de\/","url":"https:\/\/mugtaba-hamid.de\/","name":"Bilder - mein Leben - Mugtaba Hamid","isPartOf":{"@id":"https:\/\/mugtaba-hamid.de\/#website"},"primaryImageOfPage":{"@id":"https:\/\/mugtaba-hamid.de\/#primaryimage"},"image":{"@id":"https:\/\/mugtaba-hamid.de\/#primaryimage"},"thumbnailUrl":"http:\/\/mugtaba-hamid.de\/wp-content\/uploads\/elementor\/thumbs\/cropped-Mugtaba-square-p3gg5d9usj4ksq0x9b0sll11qoa3vmu8nk56owvu1c.png","datePublished":"2021-02-26T23:41:11+00:00","dateModified":"2021-04-19T17:10:31+00:00","description":"In jedem Menschen steckt ein liebevolles Bild und eine Quelle der Sch\u00f6nheit. Ich liebe es, eine aktive Erinnerung zu sein, Sch\u00f6nheit zu leben, Toleranz zu zeigen und Freudenspazierg\u00e4nge unter uns anzubieten. Wie Vincent Van Gogh sagte \u201eIch tr\u00e4ume vom Malen und dann male ich meinen Traum\u201c.","breadcrumb":{"@id":"https:\/\/mugtaba-hamid.de\/#breadcrumb"},"inLanguage":"en-US","potentialAction":[{"@type":"ReadAction","target":["https:\/\/mugtaba-hamid.de\/"]}]},{"@type":"ImageObject","inLanguage":"en-US","@id":"https:\/\/mugtaba-hamid.de\/#primaryimage","url":"http:\/\/mugtaba-hamid.de\/wp-content\/uploads\/elementor\/thumbs\/cropped-Mugtaba-square-p3gg5d9usj4ksq0x9b0sll11qoa3vmu8nk56owvu1c.png","contentUrl":"http:\/\/mugtaba-hamid.de\/wp-content\/uploads\/elementor\/thumbs\/cropped-Mugtaba-square-p3gg5d9usj4ksq0x9b0sll11qoa3vmu8nk56owvu1c.png"},{"@type":"BreadcrumbList","@id":"https:\/\/mugtaba-hamid.de\/#breadcrumb","itemListElement":[{"@type":"ListItem","position":1,"name":"Startseite","item":"https:\/\/mugtaba-hamid.de\/"},{"@type":"ListItem","position":2,"name":"Bilder &#8211; mein Leben"}]},{"@type":"WebSite","@id":"https:\/\/mugtaba-hamid.de\/#website","url":"https:\/\/mugtaba-hamid.de\/","name":"Mugtaba Hamid","description":"Paintings - my life","publisher":{"@id":"https:\/\/mugtaba-hamid.de\/#\/schema\/person\/73a796ccd19b22f0952b427501e5c28a"},"potentialAction":[{"@type":"SearchAction","target":{"@type":"EntryPoint","urlTemplate":"https:\/\/mugtaba-hamid.de\/?s={search_term_string}"},"query-input":{"@type":"PropertyValueSpecification","valueRequired":true,"valueName":"search_term_string"}}],"inLanguage":"en-US"},{"@type":["Person","Organization"],"@id":"https:\/\/mugtaba-hamid.de\/#\/schema\/person\/73a796ccd19b22f0952b427501e5c28a","name":"Mugtaba Hamid","image":{"@type":"ImageObject","inLanguage":"en-US","@id":"https:\/\/mugtaba-hamid.de\/#\/schema\/person\/image\/","url":"https:\/\/secure.gravatar.com\/avatar\/c39f668d85fc44367c154eb0ab2dcfd9d102cb884b593e44ebab080134ce7c60?s=96&d=mm&r=g","contentUrl":"https:\/\/secure.gravatar.com\/avatar\/c39f668d85fc44367c154eb0ab2dcfd9d102cb884b593e44ebab080134ce7c60?s=96&d=mm&r=g","caption":"Mugtaba Hamid"},"logo":{"@id":"https:\/\/mugtaba-hamid.de\/#\/schema\/person\/image\/"}}]}},"_links":{"self":[{"href":"https:\/\/mugtaba-hamid.de\/en\/wp-json\/wp\/v2\/pages\/11","targetHints":{"allow":["GET"]}}],"collection":[{"href":"https:\/\/mugtaba-hamid.de\/en\/wp-json\/wp\/v2\/pages"}],"about":[{"href":"https:\/\/mugtaba-hamid.de\/en\/wp-json\/wp\/v2\/types\/page"}],"author":[{"embeddable":true,"href":"https:\/\/mugtaba-hamid.de\/en\/wp-json\/wp\/v2\/users\/1"}],"replies":[{"embeddable":true,"href":"https:\/\/mugtaba-hamid.de\/en\/wp-json\/wp\/v2\/comments?post=11"}],"version-history":[{"count":219,"href":"https:\/\/mugtaba-hamid.de\/en\/wp-json\/wp\/v2\/pages\/11\/revisions"}],"predecessor-version":[{"id":1158,"href":"https:\/\/mugtaba-hamid.de\/en\/wp-json\/wp\/v2\/pages\/11\/revisions\/1158"}],"wp:attachment":[{"href":"https:\/\/mugtaba-hamid.de\/en\/wp-json\/wp\/v2\/media?parent=11"}],"curies":[{"name":"wp","href":"https:\/\/api.w.org\/{rel}","templated":true}]}}